{"id":825,"date":"2016-02-28T20:25:32","date_gmt":"2016-02-28T19:25:32","guid":{"rendered":"http:\/\/the-code.info\/?page_id=825"},"modified":"2018-10-08T20:37:58","modified_gmt":"2018-10-08T19:37:58","slug":"lagence-2","status":"publish","type":"page","link":"https:\/\/www.the-code.info\/?page_id=825","title":{"rendered":"l&rsquo;agence"},"content":{"rendered":"<div class=\"row \" style=\"\"><div class=\"row__inwrap\"><div class=\"column-wrap\">\n<div class=\"column--1-2\"><img loading=\"lazy\" decoding=\"async\" class=\"alignnone wp-image-826 size-full\" src=\"https:\/\/www.the-code.info\/wp-content\/uploads\/2016\/02\/thecode-maskote-1.jpg\" alt=\"\" width=\"719\" height=\"704\" srcset=\"https:\/\/www.the-code.info\/wp-content\/uploads\/2016\/02\/thecode-maskote-1.jpg 719w, https:\/\/www.the-code.info\/wp-content\/uploads\/2016\/02\/thecode-maskote-1-300x294.jpg 300w, https:\/\/www.the-code.info\/wp-content\/uploads\/2016\/02\/thecode-maskote-1-400x392.jpg 400w, https:\/\/www.the-code.info\/wp-content\/uploads\/2016\/02\/thecode-maskote-1-600x587.jpg 600w\" sizes=\"auto, (max-width: 719px) 100vw, 719px\" \/><br \/>\n<\/div>\n<div class=\"column--1-2\">\n<h2 style=\"text-align: center;\">\nIts not all about coding, Design matters!<br \/>\n<\/h2>\n<p style=\"text-align: center;\">Franchir le cap et d\u00e9cider de cr\u00e9er votre communication, voil\u00e0 un bon moyen d\u2019augmenter vos profits et de rentabiliser vos investissements.Fort de 8 ans d\u2019exp\u00e9rience \u2026..<\/p>\n<p style=\"text-align: center;\">On prends chaque projet \u00e0 c\u0153ur : cr\u00e9ation de site web \u00e0 marrakech,\u00a0h\u00e9bergement\u00a0, r\u00e9f\u00e9rencement de site internet, print , \u00a0images de synth\u00e8se, 3d, montage video\u2026<\/p>\n<p style=\"text-align: center;\">Tr\u00e8s soucieux de la satisfaction de nos\u00a0clients en d\u00e9veloppant notre\u00a0sens du d\u00e9tail, pour cr\u00e9er vos projets de communication dans les r\u00e8gles de l\u2019ART.<br \/>\n<\/div>\n<\/div><\/div><\/div>\n","protected":false},"excerpt":{"rendered":"","protected":false},"author":1,"featured_media":0,"parent":0,"menu_order":0,"comment_status":"closed","ping_status":"closed","template":"","meta":{"_acf_changed":false,"footnotes":""},"class_list":["post-825","page","type-page","status-publish","hentry"],"acf":[],"_links":{"self":[{"href":"https:\/\/www.the-code.info\/index.php?rest_route=\/wp\/v2\/pages\/825","targetHints":{"allow":["GET"]}}],"collection":[{"href":"https:\/\/www.the-code.info\/index.php?rest_route=\/wp\/v2\/pages"}],"about":[{"href":"https:\/\/www.the-code.info\/index.php?rest_route=\/wp\/v2\/types\/page"}],"author":[{"embeddable":true,"href":"https:\/\/www.the-code.info\/index.php?rest_route=\/wp\/v2\/users\/1"}],"replies":[{"embeddable":true,"href":"https:\/\/www.the-code.info\/index.php?rest_route=%2Fwp%2Fv2%2Fcomments&post=825"}],"version-history":[{"count":20,"href":"https:\/\/www.the-code.info\/index.php?rest_route=\/wp\/v2\/pages\/825\/revisions"}],"predecessor-version":[{"id":1082,"href":"https:\/\/www.the-code.info\/index.php?rest_route=\/wp\/v2\/pages\/825\/revisions\/1082"}],"wp:attachment":[{"href":"https:\/\/www.the-code.info\/index.php?rest_route=%2Fwp%2Fv2%2Fmedia&parent=825"}],"curies":[{"name":"wp","href":"https:\/\/api.w.org\/{rel}","templated":true}]}}